{"id":106,"date":"2020-12-31T14:42:32","date_gmt":"2020-12-31T13:42:32","guid":{"rendered":"https:\/\/isly-avocat.fr\/nouvelles\/?page_id=106"},"modified":"2021-02-12T09:30:19","modified_gmt":"2021-02-12T08:30:19","slug":"droit-de-la-famille","status":"publish","type":"page","link":"https:\/\/isly-avocat.fr\/nouvelles\/droit-de-la-famille\/","title":{"rendered":"Droit de la Famille"},"content":{"rendered":"\n<p><strong>Une exp\u00e9rience pratique de plus de vingt-cinq ans en droit de la famille <\/strong>me permet d&rsquo;assurer efficacement la d\u00e9fense de vos int\u00e9r\u00eats et de ceux de votre famille.<br><br>Je mets \u00e0 votre service <strong>mon expertise<\/strong>\u00a0et vous assure\u00a0<strong>une \u00e9coute attentive<\/strong> et\u00a0<strong>une \u00e9tude personnalis\u00e9e<\/strong> de votre dossier<strong>.<\/strong><br><br><strong>Je vous accompagne personnellement<\/strong> tout au long du traitement de votre dossier<strong>,<\/strong> ce notamment dans les situations suivantes :<\/p>\n\n\n\n<h2 class=\"wp-block-heading\"><strong>DIVORCE, S\u00c9PARATION DE CORPS<\/strong><\/h2>\n\n\n\n<p>Je vous conseille et vous assiste en mati\u00e8re<strong>&nbsp;de s\u00e9paration de corps <\/strong>et de<strong> divorces amiables ou contentieux.<\/strong><\/p>\n\n\n\n<p><strong>Si vous souhaitez&nbsp; divorcer sans passer devant un Juge aux Affaires Familiales<\/strong>, j&rsquo;\u00e9labore <strong>un acte d&rsquo;Avocat<\/strong>&nbsp;en prenant en compte tous les \u00e9l\u00e9ments que vous me soumettez (domicile conjugal, r\u00e9sidence principale des enfants, pension alimentaire, nom marital, prestation compensatoire, partage des biens&#8230;)<\/p>\n\n\n\n<h2 class=\"wp-block-heading\"><strong>CONTENTIEUX APR\u00c8S DIVORCE, UNION LIBRE<\/strong><\/h2>\n\n\n\n<p>Je vous conseille et vous assiste en mati\u00e8re de <strong>pension alimentaire<\/strong> :&nbsp; fixation, revalorisation, augmentation, diminution de pension alimentaire.<\/p>\n\n\n\n<p>Je vous conseille et vous assiste en mati\u00e8re de <strong>r\u00e9sidence principale de l&rsquo;enfant mineur<\/strong>, de <strong>garde altern\u00e9e<\/strong>.&nbsp;<\/p>\n\n\n\n<h2 class=\"wp-block-heading\"><strong>R\u00c9GIME MATRIMONIAL, INDIVISION, PARTAGE DE BIENS<\/strong><\/h2>\n\n\n\n<p>Je vous conseille en mati\u00e8re de choix ou de changement de <strong>r\u00e9gime matrimonial<\/strong> en fonction des \u00e9l\u00e9ments personnels que vous me soumettez.<\/p>\n\n\n\n<p>Je vous conseille et vous assiste de mani\u00e8re amiable ou judiciaire en mati\u00e8re de <strong>liquidation de communaut\u00e9 de biens<\/strong>, de<strong> partage de biens<\/strong> ou de<strong> partage d&rsquo;indivision<\/strong>.&nbsp;<\/p>\n\n\n\n<h2 class=\"wp-block-heading\"><strong>VIOLENCES CONJUGALES, VIOLENCES SUR ENFANTS<\/strong><\/h2>\n\n\n\n<p>Je vous conseille et vous assiste devant le <strong>Juge aux Affaires Familiales<\/strong>, le <strong>Juge pour Enfants<\/strong> et le <strong>Juge p\u00e9nal<\/strong> aux fins d&rsquo;obtenir <strong>votre protection <\/strong>et celle de votre famille.<\/p>\n\n\n\n<h2 class=\"wp-block-heading\"><strong>SUCCESSION<\/strong><\/h2>\n\n\n\n<p>Je vous conseille et vous assiste en mati\u00e8re de<strong>&nbsp;liquidation de succession<\/strong> amiable ou judiciaire.<\/p>\n\n\n\n<figure class=\"wp-block-image size-large\"><img loading=\"lazy\" decoding=\"async\" width=\"1024\" height=\"768\" src=\"https:\/\/isly-avocat.fr\/nouvelles\/wp-content\/uploads\/2021\/01\/animation-me-isly-1024x768.gif\" alt=\"\" class=\"wp-image-153\" srcset=\"https:\/\/isly-avocat.fr\/nouvelles\/wp-content\/uploads\/2021\/01\/animation-me-isly-1024x768.gif 1024w, https:\/\/isly-avocat.fr\/nouvelles\/wp-content\/uploads\/2021\/01\/animation-me-isly-300x225.gif 300w, https:\/\/isly-avocat.fr\/nouvelles\/wp-content\/uploads\/2021\/01\/animation-me-isly-768x576.gif 768w\" sizes=\"auto, (max-width: 709px) 85vw, (max-width: 909px) 67vw, (max-width: 1362px) 62vw, 840px\" \/><\/figure>\n","protected":false},"excerpt":{"rendered":"<p>Une exp\u00e9rience pratique de plus de vingt-cinq ans en droit de la famille me permet d&rsquo;assurer efficacement la d\u00e9fense de vos int\u00e9r\u00eats et de ceux de votre famille. Je mets \u00e0 votre service mon expertise\u00a0et vous assure\u00a0une \u00e9coute attentive et\u00a0une \u00e9tude personnalis\u00e9e de votre dossier. Je vous accompagne personnellement tout au long du traitement de &hellip; <a href=\"https:\/\/isly-avocat.fr\/nouvelles\/droit-de-la-famille\/\" class=\"more-link\">Continuer la lecture<span class=\"screen-reader-text\"> de &laquo;&nbsp;Droit de la Famille&nbsp;&raquo;<\/span><\/a><\/p>\n","protected":false},"author":1,"featured_media":0,"parent":0,"menu_order":0,"comment_status":"closed","ping_status":"closed","template":"pages\/right-sidebar.php","meta":{"footnotes":""},"class_list":["post-106","page","type-page","status-publish","hentry"],"_links":{"self":[{"href":"https:\/\/isly-avocat.fr\/nouvelles\/wp-json\/wp\/v2\/pages\/106","targetHints":{"allow":["GET"]}}],"collection":[{"href":"https:\/\/isly-avocat.fr\/nouvelles\/wp-json\/wp\/v2\/pages"}],"about":[{"href":"https:\/\/isly-avocat.fr\/nouvelles\/wp-json\/wp\/v2\/types\/page"}],"author":[{"embeddable":true,"href":"https:\/\/isly-avocat.fr\/nouvelles\/wp-json\/wp\/v2\/users\/1"}],"replies":[{"embeddable":true,"href":"https:\/\/isly-avocat.fr\/nouvelles\/wp-json\/wp\/v2\/comments?post=106"}],"version-history":[{"count":7,"href":"https:\/\/isly-avocat.fr\/nouvelles\/wp-json\/wp\/v2\/pages\/106\/revisions"}],"predecessor-version":[{"id":199,"href":"https:\/\/isly-avocat.fr\/nouvelles\/wp-json\/wp\/v2\/pages\/106\/revisions\/199"}],"wp:attachment":[{"href":"https:\/\/isly-avocat.fr\/nouvelles\/wp-json\/wp\/v2\/media?parent=106"}],"curies":[{"name":"wp","href":"https:\/\/api.w.org\/{rel}","templated":true}]}}