{"id":72,"date":"2020-12-31T12:37:48","date_gmt":"2020-12-31T11:37:48","guid":{"rendered":"https:\/\/isly-avocat.fr\/nouvelles\/?page_id=72"},"modified":"2021-02-12T09:59:59","modified_gmt":"2021-02-12T08:59:59","slug":"accueil-2","status":"publish","type":"page","link":"https:\/\/isly-avocat.fr\/nouvelles\/","title":{"rendered":"Accueil"},"content":{"rendered":"\n<h2 class=\"has-text-align-left wp-block-heading\">Conseils et Contentieux<br>Particuliers et Entreprises<\/h2>\n\n\n\n<h5 class=\"has-text-align-center wp-block-heading\"><br><img loading=\"lazy\" decoding=\"async\" width=\"450\" height=\"338\" class=\"wp-image-153\" style=\"width: 450px;\" src=\"https:\/\/isly-avocat.fr\/nouvelles\/wp-content\/uploads\/2021\/01\/animation-me-isly.gif\" alt=\"\"><\/h5>\n\n\n\n<h4 class=\"has-text-align-center wp-block-heading\"><strong>Plus de vingt-CINQ ans d&rsquo;exercice en tant qu&rsquo;Avocat <\/strong>me permettent de mettre au service de la d\u00e9fense de vos int\u00e9r\u00eats <strong>une r\u00e9elle expertise <\/strong>et<strong> une solide exp\u00e9rience de terrain<\/strong><\/h4>\n\n\n\n<p class=\"has-text-align-center\">J&rsquo;interviens plus sp\u00e9cifiquement en <strong><a href=\"https:\/\/isly-avocat.fr\/nouvelles\/droit-du-travail\/\">droit du travail<\/a><\/strong>,&nbsp;en <strong><a href=\"https:\/\/isly-avocat.fr\/nouvelles\/droit-de-la-famille\">droit de la famille<\/a>, <\/strong>en<strong> <a href=\"https:\/\/isly-avocat.fr\/nouvelles\/droit-civil-indemnisation-des-prejudices\/\">droit civil<\/a><\/strong> et&nbsp;en <strong><a href=\"https:\/\/isly-avocat.fr\/nouvelles\/droit-penal\/\">droit p\u00e9nal<\/a>.&nbsp;<\/strong><\/p>\n\n\n\n<p class=\"has-text-align-center\">J&rsquo;attache une importance particuli\u00e8re au<strong>&nbsp;traitement personnalis\u00e9 de votre dossier <\/strong>et, pour cela,<strong> je&nbsp;suis \u00e0 votre \u00e9coute.<br><br>&nbsp;Je prends le temps qu&rsquo;il faut&nbsp;<\/strong>pour cerner&nbsp;et&nbsp;traiter&nbsp;avec <strong>rigueur <\/strong>et<strong> professionnalisme <\/strong>tous les aspects juridiques de votre affaire.<\/p>\n\n\n\n<p><\/p>\n","protected":false},"excerpt":{"rendered":"<p>Conseils et ContentieuxParticuliers et Entreprises Plus de vingt-CINQ ans d&rsquo;exercice en tant qu&rsquo;Avocat me permettent de mettre au service de la d\u00e9fense de vos int\u00e9r\u00eats une r\u00e9elle expertise et une solide exp\u00e9rience de terrain J&rsquo;interviens plus sp\u00e9cifiquement en droit du travail,&nbsp;en droit de la famille, en droit civil et&nbsp;en droit p\u00e9nal.&nbsp; J&rsquo;attache une importance particuli\u00e8re &hellip; <a href=\"https:\/\/isly-avocat.fr\/nouvelles\/\" class=\"more-link\">Continuer la lecture<span class=\"screen-reader-text\"> de &laquo;&nbsp;Accueil&nbsp;&raquo;<\/span><\/a><\/p>\n","protected":false},"author":1,"featured_media":0,"parent":0,"menu_order":0,"comment_status":"closed","ping_status":"closed","template":"pages\/right-sidebar.php","meta":{"footnotes":""},"class_list":["post-72","page","type-page","status-publish","hentry"],"_links":{"self":[{"href":"https:\/\/isly-avocat.fr\/nouvelles\/wp-json\/wp\/v2\/pages\/72","targetHints":{"allow":["GET"]}}],"collection":[{"href":"https:\/\/isly-avocat.fr\/nouvelles\/wp-json\/wp\/v2\/pages"}],"about":[{"href":"https:\/\/isly-avocat.fr\/nouvelles\/wp-json\/wp\/v2\/types\/page"}],"author":[{"embeddable":true,"href":"https:\/\/isly-avocat.fr\/nouvelles\/wp-json\/wp\/v2\/users\/1"}],"replies":[{"embeddable":true,"href":"https:\/\/isly-avocat.fr\/nouvelles\/wp-json\/wp\/v2\/comments?post=72"}],"version-history":[{"count":23,"href":"https:\/\/isly-avocat.fr\/nouvelles\/wp-json\/wp\/v2\/pages\/72\/revisions"}],"predecessor-version":[{"id":200,"href":"https:\/\/isly-avocat.fr\/nouvelles\/wp-json\/wp\/v2\/pages\/72\/revisions\/200"}],"wp:attachment":[{"href":"https:\/\/isly-avocat.fr\/nouvelles\/wp-json\/wp\/v2\/media?parent=72"}],"curies":[{"name":"wp","href":"https:\/\/api.w.org\/{rel}","templated":true}]}}